{"id":346,"date":"2023-03-05T19:13:17","date_gmt":"2023-03-05T18:13:17","guid":{"rendered":"http:\/\/atelier-de-m-etre.fr\/?page_id=346"},"modified":"2026-04-05T14:30:04","modified_gmt":"2026-04-05T12:30:04","slug":"informations-pratiques","status":"publish","type":"page","link":"https:\/\/atelier-de-m-etre.fr\/?page_id=346","title":{"rendered":"Informations pratiques"},"content":{"rendered":"\n<h2 class=\"wp-block-heading has-dark-brown-color has-text-color\" style=\"font-size:28px\">Confidentialit\u00e9<\/h2>\n\n\n\n<p class=\"has-dark-brown-color has-text-color\" style=\"font-size:16px\">Adh\u00e9rente \u00e0 la Chambre Syndicale de Sophrologie, j&rsquo;applique compl\u00e8tement sa <strong>charte de d\u00e9ontologie<\/strong>, en particulier tout ce qui a trait \u00e0 la confidentialit\u00e9 des informations transmises lors des s\u00e9ances.<\/p>\n\n\n\n<p class=\"has-dark-brown-color has-text-color\" style=\"font-size:16px\"><strong>Ce site n&rsquo;est pas \u00e0 vocation de collecter des donn\u00e9es \u00e0 caract\u00e8re personnel.<\/strong><\/p>\n\n\n\n<h2 class=\"wp-block-heading has-dark-brown-color has-text-color\" style=\"font-size:28px\">M\u00e9diation<\/h2>\n\n\n\n<p class=\"has-dark-brown-color has-text-color\" style=\"font-size:16px\">Conform\u00e9ment aux articles L.616-1 et R.616-1 du code de la consommation, <strong>un dispositif de m\u00e9diation de la consommation est \u00e0 votre disposition<\/strong>. L&rsquo;entit\u00e9 de m\u00e9diation retenue est : <strong>M\u00c9DIATION CONSOMMATION D\u00c9VELOPPEMENT<\/strong>.<\/p>\n\n\n\n<p class=\"has-dark-brown-color has-text-color\" style=\"font-size:16px\">En cas de litige, vous pouvez d\u00e9poser votre r\u00e9clamation \u00e0 l&rsquo;adresse suivante : contact-admin@cnpm-mediation-consommation.eu ou par voie postale en \u00e9crivant \u00e0 M\u00c9DIATION CONSOMMATION D\u00c9VELOPPEMENT &#8211; Centre d&rsquo;Affaires St\u00e9phanois SAS &#8211; IMMEUBLE L&rsquo;HORIZON \u2013 ESPLANADE DE FRANCE &#8211; 3, RUE J. CONSTANT MILLERET \u2013 42000 SAINT-\u00c9TIENNE<\/p>\n\n\n\n<h2 class=\"wp-block-heading has-dark-brown-color has-text-color\" style=\"font-size:28px\">Informations l\u00e9gales<\/h2>\n\n\n\n<p class=\"has-dark-brown-color has-text-color\" style=\"font-size:16px\"><strong>Propri\u00e9taire<\/strong> &gt; Marina Picard (EI) &#8211; SIRET: 828 174 474 00035 \u2013 16 rue des Bouchers &#8211; 45000 Orl\u00e9ans &#8211; France &#8211; T\u00e9l\u00e9phone : (+33) 6 63 89 80 43<br><strong>Cr\u00e9ateur \/ Webmaster \/ Responsable publication<\/strong> &gt; Marina Picard &#8211; Mail : contact@atelier-de-m-etre.fr<br><strong>H\u00e9bergeur<\/strong> &gt; OVH \u2013 2 rue Kellermann \u2013 BP 80157 &#8211; 59053 ROUBAIX CEDEX 1 &#8211; France &#8211; Hotline : (+33) 972 10 10 07<\/p>\n","protected":false},"excerpt":{"rendered":"<p>Confidentialit\u00e9 Adh\u00e9rente \u00e0 la Chambre Syndicale de Sophrologie, j&rsquo;applique compl\u00e8tement sa charte de d\u00e9ontologie, en particulier tout ce qui a trait \u00e0 la confidentialit\u00e9 des informations transmises lors des s\u00e9ances. Ce site n&rsquo;est pas \u00e0 vocation de collecter des donn\u00e9es \u00e0 caract\u00e8re personnel. M\u00e9diation Conform\u00e9ment aux articles L.616-1 et R.616-1 du code de la consommation, &hellip; <a href=\"https:\/\/atelier-de-m-etre.fr\/?page_id=346\" class=\"more-link\">Continuer la lecture de <span class=\"screen-reader-text\">Informations pratiques<\/span><\/a><\/p>\n","protected":false},"author":1,"featured_media":348,"parent":0,"menu_order":0,"comment_status":"closed","ping_status":"closed","template":"","meta":{"footnotes":""},"class_list":["post-346","page","type-page","status-publish","has-post-thumbnail","hentry"],"_links":{"self":[{"href":"https:\/\/atelier-de-m-etre.fr\/index.php?rest_route=\/wp\/v2\/pages\/346","targetHints":{"allow":["GET"]}}],"collection":[{"href":"https:\/\/atelier-de-m-etre.fr\/index.php?rest_route=\/wp\/v2\/pages"}],"about":[{"href":"https:\/\/atelier-de-m-etre.fr\/index.php?rest_route=\/wp\/v2\/types\/page"}],"author":[{"embeddable":true,"href":"https:\/\/atelier-de-m-etre.fr\/index.php?rest_route=\/wp\/v2\/users\/1"}],"replies":[{"embeddable":true,"href":"https:\/\/atelier-de-m-etre.fr\/index.php?rest_route=%2Fwp%2Fv2%2Fcomments&post=346"}],"version-history":[{"count":29,"href":"https:\/\/atelier-de-m-etre.fr\/index.php?rest_route=\/wp\/v2\/pages\/346\/revisions"}],"predecessor-version":[{"id":709,"href":"https:\/\/atelier-de-m-etre.fr\/index.php?rest_route=\/wp\/v2\/pages\/346\/revisions\/709"}],"wp:featuredmedia":[{"embeddable":true,"href":"https:\/\/atelier-de-m-etre.fr\/index.php?rest_route=\/wp\/v2\/media\/348"}],"wp:attachment":[{"href":"https:\/\/atelier-de-m-etre.fr\/index.php?rest_route=%2Fwp%2Fv2%2Fmedia&parent=346"}],"curies":[{"name":"wp","href":"https:\/\/api.w.org\/{rel}","templated":true}]}}