{"id":480,"date":"2024-08-21T11:44:31","date_gmt":"2024-08-21T09:44:31","guid":{"rendered":"http:\/\/atelier-de-m-etre.fr\/?page_id=480"},"modified":"2024-09-15T14:51:23","modified_gmt":"2024-09-15T12:51:23","slug":"bouffees-de-chaleur-et-autres-desagrements-a-partir-de-45-ans","status":"publish","type":"page","link":"https:\/\/atelier-de-m-etre.fr\/?page_id=480","title":{"rendered":"Un temps pour soi"},"content":{"rendered":"\n<blockquote class=\"wp-block-quote is-layout-flow wp-block-quote-is-layout-flow\">\n<p class=\"has-dark-brown-color has-text-color\" style=\"font-size:16px\">Alors que la vie m&rsquo;apportait son lot de tracasseries, j&rsquo;ai eu envie de retrouver, ne serait-ce qu&rsquo;un instant, du bien-\u00eatre. C&rsquo;est alors que j&rsquo;ai d\u00e9couvert la R\u00e9flexologie plantaire. Id\u00e9e saugrenue de ma part, j&rsquo;arrivais moi-m\u00eame \u00e0 me chatouiller rien qu&rsquo;en me touchant les pieds. Mais je n&rsquo;ai ressenti aucune sensation de chatouillement, mais bien du bien-\u00eatre m&rsquo;envahir et le plaisir d&rsquo;avoir profit\u00e9 d&rsquo;un instant de d\u00e9tente rien que pour moi.<\/p>\n\n\n\n<p class=\"has-dark-brown-color has-text-color has-link-color wp-elements-d37f88fe99c93808e9e8e0b49d0a73f5\" style=\"font-size:16px\">C&rsquo;est pourquoi maintenant je souhaite en faire profiter le plus grand nombre, en devenant r\u00e9flexologue.<\/p>\n<\/blockquote>\n\n\n\n<h1 class=\"wp-block-heading has-dark-brown-color has-text-color\" style=\"font-size:32px\">Massage d\u00e9tente<\/h1>\n\n\n\n<p class=\"has-dark-brown-color has-text-color\" style=\"font-size:15px\">Et pourquoi pas s&rsquo;offrir tout simplement un temps pour soi dans un espace de bien-\u00eatre au calme et en toute confidentialit\u00e9 en plein c\u0153ur d&rsquo;Orl\u00e9ans ? C&rsquo;est la promesse des massages bien-\u00eatre de la<strong> R\u00e9flexologie plantaire ou palmaire<\/strong>. Si vous optez pour la <strong>R\u00e9flexologie faciale<\/strong>, il vous sera possible de la reproduire \u00e0 loisir chez vous, si vous le souhaitez.<\/p>\n\n\n\n<h2 class=\"wp-block-heading has-dark-brown-color has-text-color\" style=\"font-size:32px\">Le bien-\u00eatre au naturel<\/h2>\n\n\n\n<p class=\"has-dark-brown-color has-text-color\" style=\"font-size:15px\">La R\u00e9flexologie se pratique par <strong>pressions r\u00e9alis\u00e9es avec les doigts<\/strong> (pour la plantaire et la palmaire) <strong>ou un stylet<\/strong> (pour la faciale et l&rsquo;auriculaire). Ces techniques ne n\u00e9cessitent pas l&rsquo;utilisation de produits particuliers, hormis des <strong>graines naturelles de vaccaria <\/strong>(plac\u00e9es sur les zones r\u00e9flexes des oreilles en R\u00e9flexologie auriculaire).<\/p>\n\n\n\n<p class=\"has-dark-brown-color has-text-color\" style=\"font-size:15px\"><strong>La R\u00e9flexologie <\/strong>plantaire ou palmaire associ\u00e9e \u00e0 l&rsquo;auriculaire et\/ou la faciale est indiqu\u00e9e <strong>pour apporter du bien-\u00eatre de mani\u00e8re naturelle<\/strong>, accompagn\u00e9e ou non par quelques conseils sur des aliments commun\u00e9ment commercialis\u00e9s dans notre pays.<\/p>\n\n\n\n<h2 class=\"wp-block-heading has-dark-brown-color has-text-color\" style=\"font-size:32px\">Massage personnalis\u00e9<\/h2>\n\n\n\n<p class=\"has-dark-brown-color has-text-color\" style=\"font-size:15px\">Votre r\u00e9flexologue va ajuster sa pratique pour<strong> s&rsquo;adapter aux situations particuli\u00e8res<\/strong> et proposer ainsi les massages <strong>les plus appropri\u00e9s<\/strong> et offrir des <strong>conseils personnalis\u00e9s<\/strong>.<\/p>\n","protected":false},"excerpt":{"rendered":"<p>Alors que la vie m&rsquo;apportait son lot de tracasseries, j&rsquo;ai eu envie de retrouver, ne serait-ce qu&rsquo;un instant, du bien-\u00eatre. C&rsquo;est alors que j&rsquo;ai d\u00e9couvert la R\u00e9flexologie plantaire. Id\u00e9e saugrenue de ma part, j&rsquo;arrivais moi-m\u00eame \u00e0 me chatouiller rien qu&rsquo;en me touchant les pieds. Mais je n&rsquo;ai ressenti aucune sensation de chatouillement, mais bien du &hellip; <a href=\"https:\/\/atelier-de-m-etre.fr\/?page_id=480\" class=\"more-link\">Continuer la lecture de <span class=\"screen-reader-text\">Un temps pour soi<\/span><\/a><\/p>\n","protected":false},"author":1,"featured_media":569,"parent":0,"menu_order":0,"comment_status":"closed","ping_status":"closed","template":"","meta":{"footnotes":""},"class_list":["post-480","page","type-page","status-publish","has-post-thumbnail","hentry"],"_links":{"self":[{"href":"https:\/\/atelier-de-m-etre.fr\/index.php?rest_route=\/wp\/v2\/pages\/480","targetHints":{"allow":["GET"]}}],"collection":[{"href":"https:\/\/atelier-de-m-etre.fr\/index.php?rest_route=\/wp\/v2\/pages"}],"about":[{"href":"https:\/\/atelier-de-m-etre.fr\/index.php?rest_route=\/wp\/v2\/types\/page"}],"author":[{"embeddable":true,"href":"https:\/\/atelier-de-m-etre.fr\/index.php?rest_route=\/wp\/v2\/users\/1"}],"replies":[{"embeddable":true,"href":"https:\/\/atelier-de-m-etre.fr\/index.php?rest_route=%2Fwp%2Fv2%2Fcomments&post=480"}],"version-history":[{"count":18,"href":"https:\/\/atelier-de-m-etre.fr\/index.php?rest_route=\/wp\/v2\/pages\/480\/revisions"}],"predecessor-version":[{"id":617,"href":"https:\/\/atelier-de-m-etre.fr\/index.php?rest_route=\/wp\/v2\/pages\/480\/revisions\/617"}],"wp:featuredmedia":[{"embeddable":true,"href":"https:\/\/atelier-de-m-etre.fr\/index.php?rest_route=\/wp\/v2\/media\/569"}],"wp:attachment":[{"href":"https:\/\/atelier-de-m-etre.fr\/index.php?rest_route=%2Fwp%2Fv2%2Fmedia&parent=480"}],"curies":[{"name":"wp","href":"https:\/\/api.w.org\/{rel}","templated":true}]}}