{"id":686,"date":"2026-04-05T14:42:59","date_gmt":"2026-04-05T12:42:59","guid":{"rendered":"https:\/\/atelier-de-m-etre.fr\/?page_id=686"},"modified":"2026-04-05T14:53:14","modified_gmt":"2026-04-05T12:53:14","slug":"entre-amis-ou-en-solo","status":"publish","type":"page","link":"https:\/\/atelier-de-m-etre.fr\/?page_id=686","title":{"rendered":"Entre amis ou en solo"},"content":{"rendered":"\n<h2 class=\"wp-block-heading has-dark-brown-color has-text-color has-link-color wp-elements-e0b3e168a1b1dcb867529be261408d2e\">Sophrologie de groupe ou individuelle<\/h2>\n\n\n\n<p class=\"has-dark-brown-color has-text-color has-link-color wp-elements-44f0fb2e232e2d607c3f29633c54eaeb\" style=\"font-size:16px\">Indiff\u00e9remment la Sophrologie <strong>se pratique en groupe ou individuellement<\/strong>. C\u2019est pourquoi je vous propose une palette diversifi\u00e9e d\u2019accompagnements pour satisfaire les go\u00fbts de chacun(e), selon un <strong>th\u00e8me choisi par vous <\/strong>ou <strong>par moi<\/strong>.<\/p>\n\n\n\n<p class=\"has-dark-brown-color has-text-color has-link-color wp-elements-353918a419c9fcaaa7fa5bf365e93f10\" style=\"font-size:16px\">Concernant les <strong>th\u00e8mes choisis par vos soins<\/strong>, je vous propose un <strong>accompagnement personnalis\u00e9 s\u2019adressant \u00e0 tou(te)s<\/strong> : particuliers, entreprises, associations\u2026 enfants, adolescent(e)s ou adultes\u2026 en s\u00e9ances individuelles ou en groupe. Il faut pr\u00e9voir 5 \u00e0 12 s\u00e9ances (sur rendez-vous uniquement, \u00e0 mon adresse, \u00e0 votre domicile ou en visioconf\u00e9rence).<\/p>\n\n\n\n<p class=\"has-dark-brown-color has-text-color has-link-color wp-elements-ad584eb21306af99e41edba319f68b05\" style=\"font-size:16px\">Concernant <strong>les th\u00e8mes choisis par mes soins<\/strong>, la prestation est toujours <strong>r\u00e9alis\u00e9e en petit groupe restreint<\/strong> (maximum 5 personnes en int\u00e9rieur). La prestation fait l\u2019objet d\u2019une communication disponible sur certains r\u00e9seaux sociaux.<\/p>\n\n\n\n<h2 class=\"wp-block-heading has-dark-brown-color has-text-color has-link-color wp-elements-43703ee37ccdd20b01c0b2077c6b6419\">Tarifs en groupe<\/h2>\n\n\n\n<p class=\"has-dark-brown-color has-text-color has-link-color wp-elements-d892258e4b059f190e8d6ceda5e321b5\" style=\"font-size:16px\">L&rsquo;avantage en petit groupe est que je pratique des <strong>tarifs attractifs<\/strong>. N&rsquo;h\u00e9sitez pas \u00e0 demander un devis.<\/p>\n\n\n\n<h2 class=\"wp-block-heading has-dark-brown-color has-text-color has-link-color has-medium-font-size wp-elements-ec61dd349b6f8635dd2454ccc38d3474\">C&rsquo;est vous qui en parlez le mieux<\/h2>\n\n\n\n<figure class=\"wp-block-image size-full\"><img loading=\"lazy\" decoding=\"async\" width=\"512\" height=\"240\" src=\"https:\/\/atelier-de-m-etre.fr\/wp-content\/uploads\/2026\/04\/Novembre-2024.png\" alt=\"\" class=\"wp-image-688\" srcset=\"https:\/\/atelier-de-m-etre.fr\/wp-content\/uploads\/2026\/04\/Novembre-2024.png 512w, https:\/\/atelier-de-m-etre.fr\/wp-content\/uploads\/2026\/04\/Novembre-2024-300x141.png 300w\" sizes=\"auto, (max-width: 512px) 100vw, 512px\" \/><\/figure>\n\n\n\n<figure class=\"wp-block-image size-full\"><img loading=\"lazy\" decoding=\"async\" width=\"473\" height=\"99\" src=\"https:\/\/atelier-de-m-etre.fr\/wp-content\/uploads\/2026\/04\/Avril-2023-2-So.png\" alt=\"\" class=\"wp-image-704\" srcset=\"https:\/\/atelier-de-m-etre.fr\/wp-content\/uploads\/2026\/04\/Avril-2023-2-So.png 473w, https:\/\/atelier-de-m-etre.fr\/wp-content\/uploads\/2026\/04\/Avril-2023-2-So-300x63.png 300w\" sizes=\"auto, (max-width: 473px) 100vw, 473px\" \/><\/figure>\n\n\n\n<figure class=\"wp-block-image size-full\"><img loading=\"lazy\" decoding=\"async\" width=\"507\" height=\"205\" src=\"https:\/\/atelier-de-m-etre.fr\/wp-content\/uploads\/2026\/04\/Avril-2023.png\" alt=\"\" class=\"wp-image-690\" srcset=\"https:\/\/atelier-de-m-etre.fr\/wp-content\/uploads\/2026\/04\/Avril-2023.png 507w, https:\/\/atelier-de-m-etre.fr\/wp-content\/uploads\/2026\/04\/Avril-2023-300x121.png 300w\" sizes=\"auto, (max-width: 507px) 100vw, 507px\" \/><\/figure>\n\n\n\n<p><\/p>\n","protected":false},"excerpt":{"rendered":"<p>Sophrologie de groupe ou individuelle Indiff\u00e9remment la Sophrologie se pratique en groupe ou individuellement. C\u2019est pourquoi je vous propose une palette diversifi\u00e9e d\u2019accompagnements pour satisfaire les go\u00fbts de chacun(e), selon un th\u00e8me choisi par vous ou par moi. Concernant les th\u00e8mes choisis par vos soins, je vous propose un accompagnement personnalis\u00e9 s\u2019adressant \u00e0 tou(te)s : &hellip; <a href=\"https:\/\/atelier-de-m-etre.fr\/?page_id=686\" class=\"more-link\">Continuer la lecture de <span class=\"screen-reader-text\">Entre amis ou en solo<\/span><\/a><\/p>\n","protected":false},"author":1,"featured_media":303,"parent":0,"menu_order":0,"comment_status":"closed","ping_status":"closed","template":"","meta":{"footnotes":""},"class_list":["post-686","page","type-page","status-publish","has-post-thumbnail","hentry"],"_links":{"self":[{"href":"https:\/\/atelier-de-m-etre.fr\/index.php?rest_route=\/wp\/v2\/pages\/686","targetHints":{"allow":["GET"]}}],"collection":[{"href":"https:\/\/atelier-de-m-etre.fr\/index.php?rest_route=\/wp\/v2\/pages"}],"about":[{"href":"https:\/\/atelier-de-m-etre.fr\/index.php?rest_route=\/wp\/v2\/types\/page"}],"author":[{"embeddable":true,"href":"https:\/\/atelier-de-m-etre.fr\/index.php?rest_route=\/wp\/v2\/users\/1"}],"replies":[{"embeddable":true,"href":"https:\/\/atelier-de-m-etre.fr\/index.php?rest_route=%2Fwp%2Fv2%2Fcomments&post=686"}],"version-history":[{"count":4,"href":"https:\/\/atelier-de-m-etre.fr\/index.php?rest_route=\/wp\/v2\/pages\/686\/revisions"}],"predecessor-version":[{"id":716,"href":"https:\/\/atelier-de-m-etre.fr\/index.php?rest_route=\/wp\/v2\/pages\/686\/revisions\/716"}],"wp:featuredmedia":[{"embeddable":true,"href":"https:\/\/atelier-de-m-etre.fr\/index.php?rest_route=\/wp\/v2\/media\/303"}],"wp:attachment":[{"href":"https:\/\/atelier-de-m-etre.fr\/index.php?rest_route=%2Fwp%2Fv2%2Fmedia&parent=686"}],"curies":[{"name":"wp","href":"https:\/\/api.w.org\/{rel}","templated":true}]}}